{"id":4218,"date":"2024-04-03T11:04:19","date_gmt":"2024-04-03T11:04:19","guid":{"rendered":"https:\/\/linkfenster.com\/datenschutzerklaerung\/"},"modified":"2025-09-19T04:34:36","modified_gmt":"2025-09-19T04:34:36","slug":"datenschutzerklaerung","status":"publish","type":"page","link":"https:\/\/linkfenster.com\/de\/datenschutzerklaerung\/","title":{"rendered":"Datenschutzerkl\u00e4rung"},"content":{"rendered":"\t\t<div data-elementor-type=\"wp-page\" data-elementor-id=\"4218\" class=\"elementor elementor-4218 elementor-2396\" data-elementor-post-type=\"page\">\n\t\t\t\t<div class=\"elementor-element elementor-element-d76eb0e e-flex e-con-boxed e-con e-parent\" data-id=\"d76eb0e\" data-element_type=\"container\" data-settings=\"{&quot;enable_glow_container&quot;:&quot;no&quot;}\">\n\t\t\t\t\t<div class=\"e-con-inner\">\n\t\t\t\t<div class=\"elementor-element elementor-element-d812b69 elementor-widget elementor-widget-text-editor\" data-id=\"d812b69\" data-element_type=\"widget\" data-widget_type=\"text-editor.default\">\n\t\t\t\t<div class=\"elementor-widget-container\">\n\t\t\t\t\t\t\t\t\t<h2>Inhalt der Bestimmungen<\/h2>\n<p>Definitionen<\/p>\n<ol>\n<li><strong>Administrator (Wir)<\/strong> \u2013 <a href=\"https:\/\/%5Bstrona%5D\/\" style=\"background-color: rgb(248, 248, 248);\">[Website]<\/a><\/li>\n<li><strong>Personenbezogene Daten<\/strong> \u2013 alle Informationen \u00fcber eine identifizierte oder identifizierbare nat\u00fcrliche Person anhand eines oder mehrerer spezifischer Faktoren, die die physische, physiologische, genetische, psychische, wirtschaftliche, kulturelle oder soziale Identit\u00e4t bestimmen, einschlie\u00dflich Ger\u00e4te-IP, Standortdaten, Online-Kennung und Informationen, die \u00fcber Cookies und andere \u00e4hnliche Technologien gesammelt werden.<\/li>\n<li><strong>Richtlinie<\/strong> \u2013 diese Datenschutzrichtlinie.<\/li>\n<li><strong>DSGVO<\/strong> \u2013 Verordnung (EU) 2016\/679 des Europ\u00e4ischen Parlaments und des Rates vom 27. April 2016 zum Schutz nat\u00fcrlicher Personen bei der Verarbeitung personenbezogener Daten, zum freien Datenverkehr und zur Aufhebung der Richtlinie 95\/46\/EG. <\/li>\n<li><strong>Website<\/strong> \u2013 die von uns unter der Adresse <a href=\"https:\/\/%5Bstrona%5D\">[Website]<\/a> betriebene Website<\/li>\n<li><strong>Nutzer (Sie)<\/strong> \u2013 jede nat\u00fcrliche Person, die die Website besucht oder eine oder mehrere der in der Richtlinie beschriebenen Dienste oder Funktionen nutzt<\/li>\n<\/ol>\n<p>Datenverarbeitung im Zusammenhang mit der Nutzung der Website<\/p>\n<ul>\n<li>Im Zusammenhang mit Ihrer Nutzung der Website erheben wir Ihre Daten in dem Umfang, der zur Erbringung der einzelnen angebotenen Dienste erforderlich ist, sowie Informationen \u00fcber Ihre Aktivit\u00e4ten auf der Website. Nachfolgend werden die detaillierten Grunds\u00e4tze und Zwecke der Verarbeitung personenbezogener Daten beschrieben, die w\u00e4hrend Ihrer Nutzung der Website erhoben werden. <\/li>\n<\/ul>\n<p>Zwecke und Rechtsgrundlagen der Datenverarbeitung auf der Website<\/p>\n<p>Nutzung der Website<\/p>\n<ol>\n<li>Wir verarbeiten personenbezogene Daten aller Personen, die die Website nutzen (einschlie\u00dflich IP-Adresse oder anderer Identifikatoren und Informationen, die \u00fcber Cookies oder andere \u00e4hnliche Technologien gesammelt werden), und die keine registrierten Nutzer sind (d.h. Personen, die kein Profil auf der Website haben), zu folgenden Zwecken:\n<ol>\n<li>zur Erbringung elektronischer Dienste im Rahmen der Bereitstellung von Inhalten, die auf der Website gesammelt werden, f\u00fcr die Nutzer \u2013 dann ist die Rechtsgrundlage f\u00fcr die Verarbeitung die Notwendigkeit der Verarbeitung zur Vertragserf\u00fcllung (Art. 6 Abs. 1 lit. b DSGVO);<\/li>\n<li>zu Analyse- und Statistikzwecken \u2013 dann ist die Rechtsgrundlage f\u00fcr die Verarbeitung unser berechtigtes Interesse (Art. 6 Abs. 1 lit. f DSGVO), das in der Durchf\u00fchrung von Analysen der Nutzeraktivit\u00e4ten und deren Pr\u00e4ferenzen zur Verbesserung der verwendeten Funktionalit\u00e4ten und angebotenen Dienste besteht;<\/li>\n<li>zur eventuellen Geltendmachung und Durchsetzung von Anspr\u00fcchen oder zur Verteidigung gegen diese \u2013 die Rechtsgrundlage f\u00fcr die Verarbeitung ist unser berechtigtes Interesse (Art. 6 Abs. 1 lit. f DSGVO), das im Schutz unserer Rechte besteht;<\/li>\n<li>zu Marketingzwecken (unseren und denen unserer Partner), insbesondere im Zusammenhang mit der Anzeige verhaltensbasierter Werbung \u2013 die Grunds\u00e4tze der Verarbeitung personenbezogener Daten zu Marketingzwecken sind im Abschnitt \u201eMARKETING\u201c beschrieben.<\/li>\n<\/ol>\n<\/li>\n<li>Ihre Aktivit\u00e4ten auf der Website, einschlie\u00dflich Ihrer personenbezogenen Daten, werden in Systemprotokollen erfasst. Die in den Protokollen gesammelten Informationen werden haupts\u00e4chlich zu Zwecken der Dienstleistungserbringung verarbeitet. Wir verarbeiten sie auch zu technischen, administrativen Zwecken, zur Gew\u00e4hrleistung der Sicherheit des IT-Systems und zur Verwaltung dieses Systems sowie zu Analyse- und Statistikzwecken \u2013 in diesem Zusammenhang ist die Rechtsgrundlage f\u00fcr die Verarbeitung unser berechtigtes Interesse (Art. 6 Abs. 1 lit. f DSGVO).  <\/li>\n<\/ol>\n<p>Nutzung kostenpflichtiger Dienste auf der Website<\/p>\n<ol>\n<li>Wenn Sie eine Bestellung (Kauf von Waren oder Dienstleistungen) auf der Website aufgeben, werden wir Ihre personenbezogenen Daten zu folgenden Zwecken verarbeiten:\n<ol>\n<li>zur Abwicklung der aufgegebenen Bestellung \u2013 die Rechtsgrundlage f\u00fcr die Verarbeitung ist die Notwendigkeit der Verarbeitung zur Vertragserf\u00fcllung (Art. 6 Abs. 1 lit. b DSGVO); im Falle optional angegebener Daten ist die Rechtsgrundlage f\u00fcr die Verarbeitung die Einwilligung (Art. 6 Abs. 1 lit. a DSGVO);<\/li>\n<li>zur Erf\u00fcllung unserer gesetzlichen Pflichten, die sich insbesondere aus steuerrechtlichen und buchhalterischen Vorschriften ergeben \u2013 die Rechtsgrundlage f\u00fcr die Verarbeitung ist eine rechtliche Verpflichtung (Art. 6 Abs. 1 lit. c DSGVO);<\/li>\n<li>zu Analyse- und Statistikzwecken \u2013 die Rechtsgrundlage f\u00fcr die Verarbeitung ist unser berechtigtes Interesse (Art. 6 Abs. 1 lit. f DSGVO), das in der Durchf\u00fchrung von Analysen Ihrer Aktivit\u00e4ten auf der Website und Ihrer Kaufpr\u00e4ferenzen zur Verbesserung der verwendeten Funktionalit\u00e4ten besteht;<\/li>\n<li>zur eventuellen Geltendmachung und Durchsetzung von Anspr\u00fcchen oder zur Verteidigung gegen diese \u2013 die Rechtsgrundlage f\u00fcr die Verarbeitung ist unser berechtigtes Interesse (Art. 6 Abs. 1 lit. f DSGVO), das im Schutz unserer Rechte besteht.<\/li>\n<\/ol>\n<\/li>\n<\/ol>\n<p>Kontaktformulare<\/p>\n<ol>\n<li>Auf der Website bieten wir Ihnen die M\u00f6glichkeit, uns \u00fcber elektronische Kontaktformulare zu kontaktieren. Die Nutzung des Formulars erfordert die Angabe Ihrer personenbezogenen Daten, die notwendig sind, damit wir Sie kontaktieren und Ihre Frage beantworten k\u00f6nnen. Im Formular k\u00f6nnen Sie auch andere Daten angeben, um uns die Kontaktaufnahme oder die Bearbeitung Ihrer Anfrage zu erleichtern. Die Angabe der als obligatorisch gekennzeichneten Daten ist f\u00fcr die Annahme und Bearbeitung der Anfrage erforderlich; die Nichtangabe dieser Daten f\u00fchrt dazu, dass wir Ihre Frage nicht bearbeiten k\u00f6nnen. Die Angabe der \u00fcbrigen Daten ist freiwillig.    <\/li>\n<li>Personenbezogene Daten, die Sie uns \u00fcber das Kontaktformular \u00fcbermitteln, werden verarbeitet:\n<ol>\n<li>zur Identifizierung Ihrer Person als Absender und zur Bearbeitung Ihrer \u00fcber das bereitgestellte Formular gesendeten Anfrage \u2013 die Rechtsgrundlage f\u00fcr die Verarbeitung ist die Notwendigkeit der Verarbeitung zur Erf\u00fcllung des Dienstleistungsvertrags (Art. 6 Abs. 1 lit. b DSGVO);<\/li>\n<li>zu Analyse- und Statistikzwecken \u2013 die Rechtsgrundlage f\u00fcr die Verarbeitung ist unser berechtigtes Interesse (Art. 6 Abs. 1 lit. f DSGVO), das in der F\u00fchrung von Anfragestatistiken der Nutzer \u00fcber die Website zur Verbesserung ihrer Funktionalit\u00e4ten besteht.<\/li>\n<\/ol>\n<\/li>\n<\/ol>\n<p>Marketing<\/p>\n<ol>\n<li>Wir verarbeiten Ihre personenbezogenen Daten zur Durchf\u00fchrung von Marketingaktivit\u00e4ten, die Folgendes umfassen k\u00f6nnen:\n<ol>\n<li>Anzeige von Marketinginhalten, die nicht auf Ihre Pr\u00e4ferenzen zugeschnitten sind (kontextbezogene Werbung);<\/li>\n<li>Anzeige von Marketinginhalten, die Ihren Interessen entsprechen (verhaltensbasierte Werbung);<\/li>\n<li>Versand von E-Mail-Benachrichtigungen \u00fcber interessante Angebote oder Inhalte, die in einigen F\u00e4llen kommerzielle Informationen enthalten (Newsletter-Dienst)<\/li>\n<li>Durchf\u00fchrung anderer Arten von Direktmarketingaktivit\u00e4ten f\u00fcr Waren und Dienstleistungen (Versand von kommerziellen Informationen auf elektronischem Wege und Telemarketingaktivit\u00e4ten)<\/li>\n<\/ol>\n<\/li>\n<li>Zur Durchf\u00fchrung von Marketingaktivit\u00e4ten nutzen wir in einigen F\u00e4llen Profiling (sofern Sie dem zustimmen). Dies bedeutet, dass wir durch die automatische Verarbeitung von Daten ausgew\u00e4hlte Faktoren bez\u00fcglich nat\u00fcrlicher Personen bewerten, um deren Verhalten zu analysieren oder eine Zukunftsprognose zu erstellen. <\/li>\n<\/ol>\n<p>Direktmarketing<\/p>\n<ol>\n<li>Ihre personenbezogenen Daten k\u00f6nnen auch von uns verwendet werden, um Ihnen Marketinginhalte \u00fcber verschiedene Kan\u00e4le zukommen zu lassen, d.h. per E-Mail, MMS\/SMS oder telefonisch. Solche Ma\u00dfnahmen ergreifen wir ausschlie\u00dflich, wenn Sie Ihre Einwilligung dazu erteilt haben, die Sie jederzeit widerrufen k\u00f6nnen.  <\/li>\n<\/ol>\n<p>Soziale Medien<\/p>\n<ol>\n<li>Wir verarbeiten Ihre personenbezogenen Daten, wenn Sie unsere Profile in sozialen Medien (Facebook, YouTube, Instagram, Twitter) besuchen. Diese Daten werden ausschlie\u00dflich im Zusammenhang mit der Profilf\u00fchrung verarbeitet, einschlie\u00dflich der Information \u00fcber unsere Aktivit\u00e4ten und der F\u00f6rderung verschiedener Arten von Veranstaltungen, Dienstleistungen und Produkten. Die Rechtsgrundlage f\u00fcr die Verarbeitung personenbezogener Daten zu diesem Zweck ist unser berechtigtes Interesse (Art. 6 Abs. 1 lit. f DSGVO), das in der F\u00f6rderung unserer eigenen Marke besteht.  <\/li>\n<\/ol>\n<p>Cookies und \u00e4hnliche Technologien<\/p>\n<ol>\n<li>Cookies sind kleine Textdateien, die auf Ihrem Ger\u00e4t installiert werden, wenn Sie die Website besuchen. Cookies sammeln Informationen, die die Nutzung der Website erleichtern \u2013 z.B. durch Speicherung Ihrer Besuche auf der Website und Ihrer durchgef\u00fchrten Aktionen. Im Rahmen der Website k\u00f6nnen wir folgende Arten von Cookies verwenden:  <\/li>\n<\/ol>\n<p>\u201eService\u201c-Cookies<\/p>\n<ol>\n<li>Wir verwenden sogenannte Service-Cookies haupts\u00e4chlich, um Ihnen elektronische Dienste bereitzustellen und die Qualit\u00e4t dieser Dienste zu verbessern. In diesem Zusammenhang verwenden wir und andere Unternehmen, die uns Analyse- und Statistikdienste anbieten, Cookies, indem sie Informationen speichern oder auf bereits auf Ihrem Telekommunikationsendger\u00e4t (Computer, Telefon, Tablet usw.) gespeicherte Informationen zugreifen. Die zu diesem Zweck verwendeten Cookies umfassen:   \n<ol>\n<li>Cookies mit von Ihnen eingegebenen Daten (Sitzungs-ID) f\u00fcr die Dauer der Sitzung (engl. user input cookies);<\/li>\n<li>Authentifizierungs-Cookies, die f\u00fcr Dienste verwendet werden, die eine Authentifizierung f\u00fcr die Dauer der Sitzung erfordern (engl. authentication cookies);<\/li>\n<li>Sicherheits-Cookies, z.B. zur Erkennung von Missbrauch bei der Authentifizierung (engl. user centric security cookies);<\/li>\n<li>Sitzungs-Cookies von Mediaplayern (z.B. Flash-Player-Cookies) f\u00fcr die Dauer der Sitzung (engl. multimedia player session cookies);<\/li>\n<li>permanente Cookies zur Personalisierung der Benutzeroberfl\u00e4che f\u00fcr die Dauer der Sitzung oder etwas l\u00e4nger (engl. user interface customization cookies),<\/li>\n<li>Cookies zur \u00dcberwachung des Website-Verkehrs, d.h. Datenanalyse, einschlie\u00dflich Google Analytics Cookies (dies sind Dateien, die von Google verwendet werden, um zu analysieren, wie Sie die Website nutzen, und um Statistiken und Berichte \u00fcber die Funktionsweise der Website zu erstellen). Google verwendet die gesammelten Daten nicht zur Identifizierung des Nutzers und verkn\u00fcpft diese Informationen auch nicht, um eine Identifizierung zu erm\u00f6glichen. Detaillierte Informationen zum Umfang und den Grunds\u00e4tzen der Datenerhebung im Zusammenhang mit diesem Dienst finden Sie unter dem Link: <a href=\"https:\/\/www.google.com\/intl\/pl\/policies\/privacy\/partners\">https:\/\/www.google.com\/intl\/pl\/policies\/privacy\/partners<\/a>.   <\/li>\n<\/ol>\n<\/li>\n<\/ol>\n<p>\u201eMarketing\u201c-Cookies<\/p>\n<ol>\n<li>Wir und unsere vertrauensw\u00fcrdigen Partner verwenden Cookies auch zu Marketingzwecken, u.a. im Zusammenhang mit der Ausrichtung verhaltensbasierter Werbung an Sie. Zu diesem Zweck speichern wir und unsere vertrauensw\u00fcrdigen Partner Informationen oder greifen auf bereits auf Ihrem Telekommunikationsendger\u00e4t (Computer, Telefon, Tablet usw.) gespeicherte Informationen zu. Die Verwendung von Cookies und der \u00fcber sie gesammelten personenbezogenen Daten zu Marketingzwecken, insbesondere zur F\u00f6rderung von Dienstleistungen und Waren Dritter, erfordert Ihre Einwilligung, die jederzeit widerrufen werden kann.   <\/li>\n<\/ol>\n<p>Cookie-Verwaltung<\/p>\n<ol>\n<li>Wenn Sie keine Cookies erhalten m\u00f6chten, k\u00f6nnen Sie Ihre Browsereinstellungen \u00e4ndern. Wir weisen darauf hin, dass die Deaktivierung von Cookies, die f\u00fcr Authentifizierungsprozesse, Sicherheit und die Aufrechterhaltung der Nutzereinstellungen unerl\u00e4sslich sind, die Nutzung der Website erschweren kann. <\/li>\n<li>Um die Cookie-Einstellungen zu verwalten, w\u00e4hlen Sie den von Ihnen verwendeten Webbrowser aus der folgenden Liste und befolgen Sie die Anweisungen:\n<ol>\n<li>Edge<\/li>\n<li>Internet Explorer<\/li>\n<li>Chrome<\/li>\n<li>Safari<\/li>\n<li>Firefox<\/li>\n<li>Opera<\/li>\n<li>Mobile Ger\u00e4te:<\/li>\n<li>Android<\/li>\n<li>Safari (iOS)<\/li>\n<li>Windows Phone<\/li>\n<\/ol>\n<\/li>\n<\/ol>\n<p>Wesentliche Marketingtechniken<\/p>\n<ol>\n<li>Zweck und Umfang der Datenerhebung sowie deren weitere Verarbeitung und Nutzung durch die Dienstleister, ebenso wie die Kontaktm\u00f6glichkeiten und Nutzerrechte in diesem Zusammenhang, sind in der Datenschutzerkl\u00e4rung der Dienstleister beschrieben.<\/li>\n<li>Wir k\u00f6nnen Remarketing-Techniken einsetzen, die es erm\u00f6glichen, Werbebotschaften an Ihr Verhalten auf der Website anzupassen, was den Eindruck erwecken kann, dass Ihre personenbezogenen Daten zur Nachverfolgung verwendet werden, jedoch geben wir in der Praxis keine Ihrer personenbezogenen Daten an Werbebetreiber weiter. Die technologische Voraussetzung f\u00fcr solche Ma\u00dfnahmen ist die aktivierte Cookie-Unterst\u00fctzung. <\/li>\n<li>Wir k\u00f6nnen eine L\u00f6sung einsetzen, die das Nutzerverhalten durch die Erstellung von Heatmaps und die Aufzeichnung des Verhaltens auf der Website untersucht. Diese Informationen werden anonymisiert, bevor sie an den Dienstanbieter \u00fcbermittelt werden, sodass dieser nicht wei\u00df, auf welche nat\u00fcrliche Person sie sich beziehen. Insbesondere werden eingegebene Passw\u00f6rter und andere personenbezogene Daten nicht aufgezeichnet.  <\/li>\n<\/ol>\n<p>Dauer der Verarbeitung personenbezogener Daten<\/p>\n<ol>\n<li>Die Dauer, f\u00fcr die wir Ihre Daten verarbeiten, h\u00e4ngt von der Art der erbrachten Dienstleistung und dem Verarbeitungszweck ab. Grunds\u00e4tzlich werden die Daten f\u00fcr die Dauer der Dienstleistungserbringung oder der Auftragsabwicklung verarbeitet, bis Sie Ihre erteilte Einwilligung widerrufen oder einen wirksamen Widerspruch gegen die Datenverarbeitung einlegen (in F\u00e4llen, in denen die Rechtsgrundlage f\u00fcr die Datenverarbeitung unser berechtigtes Interesse ist). <\/li>\n<li>Die Dauer der Datenverarbeitung kann verl\u00e4ngert werden, wenn die Verarbeitung zur Geltendmachung und Durchsetzung eventueller Anspr\u00fcche oder zur Verteidigung gegen diese erforderlich ist, und danach nur, wenn und soweit dies gesetzlich vorgeschrieben ist.<\/li>\n<li>Nach Ablauf der Verarbeitungsdauer werden Ihre Daten unwiderruflich gel\u00f6scht oder anonymisiert.<\/li>\n<\/ol>\n<p>Ihre Rechte<\/p>\n<ol>\n<li>Da wir Ihre personenbezogenen Daten verarbeiten, stehen Ihnen folgende Rechte zu:\n<ol>\n<li><strong>Recht auf Auskunft \u00fcber die Verarbeitung personenbezogener Daten<\/strong> \u2013 auf dieser Grundlage werden wir Ihnen auf Ihre Anfrage hin Informationen \u00fcber die Datenverarbeitung zukommen lassen, insbesondere \u00fcber die Zwecke und Rechtsgrundlagen der Verarbeitung, den Umfang der gespeicherten Daten, die Empf\u00e4nger, denen sie offengelegt werden, und den geplanten Zeitpunkt der Datenl\u00f6schung;<\/li>\n<li><strong>Recht auf Erhalt einer Datenkopie<\/strong> \u2013 auf dieser Grundlage werden wir Ihnen auf Ihre Anfrage hin eine Kopie der verarbeiteten Daten \u00fcber die anfragende Person zukommen lassen;<\/li>\n<li><strong>Recht auf Berichtigung<\/strong> \u2013 auf Ihre Anfrage hin sind wir verpflichtet, eventuelle Unstimmigkeiten oder Fehler in den verarbeiteten personenbezogenen Daten zu beseitigen und diese zu erg\u00e4nzen, falls sie unvollst\u00e4ndig sind;<\/li>\n<li><strong>Recht auf L\u00f6schung von Daten<\/strong> \u2013 auf dieser Grundlage k\u00f6nnen Sie die L\u00f6schung von Daten verlangen, deren Verarbeitung f\u00fcr keinen der Zwecke, f\u00fcr die sie erhoben wurden, mehr erforderlich ist;<\/li>\n<li><strong>Recht auf Einschr\u00e4nkung der Verarbeitung<\/strong> \u2013 auf dieser Grundlage werden wir auf Ihre Anfrage hin die Verarbeitung Ihrer personenbezogenen Daten \u2013 mit Ausnahme der Operationen, denen Sie zugestimmt haben \u2013 sowie deren Speicherung gem\u00e4\u00df den geltenden Aufbewahrungsrichtlinien einstellen oder bis die Gr\u00fcnde f\u00fcr die Einschr\u00e4nkung der Datenverarbeitung entfallen;<\/li>\n<li><strong>Recht auf Daten\u00fcbertragbarkeit<\/strong> \u2013 auf dieser Grundlage \u2013 soweit Ihre Daten im Zusammenhang mit einem geschlossenen Vertrag oder einer erteilten Einwilligung verarbeitet werden \u2013 werden wir Ihnen die von Ihnen bereitgestellten Daten in einem maschinenlesbaren Format aush\u00e4ndigen. Sie k\u00f6nnen auch verlangen, dass wir diese Daten an eine andere Stelle \u00fcbermitteln \u2013 jedoch unter der Bedingung, dass wir \u00fcber die entsprechenden technischen M\u00f6glichkeiten verf\u00fcgen. <\/li>\n<li><strong>Widerspruchsrecht gegen die Verarbeitung von Daten zu Marketingzwecken<\/strong> \u2013 Sie k\u00f6nnen der Verarbeitung personenbezogener Daten zu Marketingzwecken jederzeit widersprechen, ohne dass hierf\u00fcr eine Begr\u00fcndung erforderlich ist;<\/li>\n<li><strong>Widerspruchsrecht gegen andere Zwecke der Datenverarbeitung<\/strong> \u2013 Sie k\u00f6nnen der Verarbeitung personenbezogener Daten, die aufgrund unseres berechtigten Interesses erfolgt (z.B. zu Analyse- oder Statistikzwecken oder aus Gr\u00fcnden des Eigentumsschutzes), jederzeit widersprechen; ein Widerspruch in diesem Zusammenhang sollte eine Begr\u00fcndung enthalten;<\/li>\n<li><strong>Recht auf Widerruf der Einwilligung<\/strong> \u2013 wenn Daten auf Grundlage Ihrer Einwilligung verarbeitet werden, haben Sie das Recht, diese jederzeit zu widerrufen, was jedoch die Rechtm\u00e4\u00dfigkeit der vor dem Widerruf erfolgten Verarbeitung nicht ber\u00fchrt.<\/li>\n<li><strong>Beschwerderecht<\/strong> \u2013 wenn Sie der Ansicht sind, dass die Art und Weise, wie wir Ihre personenbezogenen Daten verarbeiten, gegen die Bestimmungen der DSGVO oder andere Datenschutzvorschriften verst\u00f6\u00dft, k\u00f6nnen Sie eine Beschwerde beim Pr\u00e4sidenten des Amtes f\u00fcr den Schutz personenbezogener Daten einreichen.<\/li>\n<\/ol>\n<\/li>\n<\/ol>\n<p>Datenempf\u00e4nger<\/p>\n<ol>\n<li>Da wir Ihnen die bestm\u00f6glichen Dienstleistungen anbieten m\u00f6chten, werden wir Ihre personenbezogenen Daten an unsere vertrauensw\u00fcrdigen Partner weitergeben, insbesondere an Anbieter, die f\u00fcr den Betrieb von IT-Systemen verantwortlich sind, an Unternehmen wie Banken und Zahlungsdienstleister, an Buchhaltungsdienstleister, Kurierdienste (im Zusammenhang mit der Auftragsabwicklung), Marketingagenturen (im Bereich der Marketingdienstleistungen) sowie an unsere verbundenen Unternehmen.<\/li>\n<li>Ihre personenbezogenen Daten werden anderen Unternehmen f\u00fcr deren eigene Zwecke, einschlie\u00dflich Marketingzwecke, nur dann zur Verf\u00fcgung gestellt, wenn Sie dem zustimmen.<\/li>\n<\/ol>\n<p>Daten\u00fcbermittlung au\u00dferhalb des EWR<\/p>\n<ol>\n<li>Das Schutzniveau personenbezogener Daten au\u00dferhalb des Europ\u00e4ischen Wirtschaftsraums (EWR) kann von dem durch europ\u00e4isches Recht gew\u00e4hrleisteten abweichen. Aus diesem Grund werden wir Ihre personenbezogenen Daten nur dann au\u00dferhalb des EWR \u00fcbermitteln, wenn dies notwendig ist und ein angemessenes Schutzniveau gew\u00e4hrleistet ist. Sie werden jedes Mal dar\u00fcber informiert.  <\/li>\n<\/ol>\n<p>Sicherheit personenbezogener Daten<\/p>\n<ol>\n<li>Bitte beachten Sie, dass wir alle Schritte unternehmen, um sicherzustellen, dass Ihre personenbezogenen Daten von uns sicher verarbeitet werden \u2013 insbesondere um zu gew\u00e4hrleisten, dass nur autorisierte Personen Zugang zu Ihren Daten haben und dies nur in dem Umfang, der f\u00fcr die Erf\u00fcllung ihrer Aufgaben erforderlich ist.<\/li>\n<li>Wir ergreifen alle notwendigen Ma\u00dfnahmen, um sicherzustellen, dass unsere Subunternehmer und andere kooperierende Unternehmen die Anwendung geeigneter Sicherheitsma\u00dfnahmen gew\u00e4hrleisten, wann immer sie Ihre personenbezogenen Daten in unserem Auftrag verarbeiten.<\/li>\n<\/ol>\n<p>Kontaktdaten<\/p>\n<ol>\n<li>In allen Angelegenheiten, die in dieser Richtlinie erw\u00e4hnt werden, insbesondere im Zusammenhang mit der Verarbeitung Ihrer personenbezogenen Daten, k\u00f6nnen Sie uns kontaktieren \u00fcber:\n<ol>\n<li>E-Mail <a href=\"mailto:%5Bmail%5D\">[E-Mail]<\/a><\/li>\n<\/ol>\n<\/li>\n<\/ol>\t\t\t\t\t\t\t\t<\/div>\n\t\t\t\t<\/div>\n\t\t\t\t\t<\/div>\n\t\t\t\t<\/div>\n\t\t\t\t<\/div>\n\t\t","protected":false},"excerpt":{"rendered":"<p>Inhalt der Bestimmungen Definitionen Administrator (Wir) \u2013 [Website] Personenbezogene Daten \u2013 alle Informationen \u00fcber eine identifizierte oder identifizierbare nat\u00fcrliche Person anhand eines oder mehrerer spezifischer Faktoren, die die physische, physiologische, genetische, psychische, wirtschaftliche, kulturelle oder soziale Identit\u00e4t bestimmen, einschlie\u00dflich Ger\u00e4te-IP, Standortdaten, Online-Kennung und Informationen, die \u00fcber Cookies und andere \u00e4hnliche Technologien gesammelt werden. Richtlinie \u2013 [&hellip;]<\/p>\n","protected":false},"author":2,"featured_media":0,"parent":0,"menu_order":0,"comment_status":"closed","ping_status":"closed","template":"","meta":{"footnotes":""},"class_list":["post-4218","page","type-page","status-publish","hentry"],"_links":{"self":[{"href":"https:\/\/linkfenster.com\/de\/wp-json\/wp\/v2\/pages\/4218","targetHints":{"allow":["GET"]}}],"collection":[{"href":"https:\/\/linkfenster.com\/de\/wp-json\/wp\/v2\/pages"}],"about":[{"href":"https:\/\/linkfenster.com\/de\/wp-json\/wp\/v2\/types\/page"}],"author":[{"embeddable":true,"href":"https:\/\/linkfenster.com\/de\/wp-json\/wp\/v2\/users\/2"}],"replies":[{"embeddable":true,"href":"https:\/\/linkfenster.com\/de\/wp-json\/wp\/v2\/comments?post=4218"}],"version-history":[{"count":1,"href":"https:\/\/linkfenster.com\/de\/wp-json\/wp\/v2\/pages\/4218\/revisions"}],"predecessor-version":[{"id":4219,"href":"https:\/\/linkfenster.com\/de\/wp-json\/wp\/v2\/pages\/4218\/revisions\/4219"}],"wp:attachment":[{"href":"https:\/\/linkfenster.com\/de\/wp-json\/wp\/v2\/media?parent=4218"}],"curies":[{"name":"wp","href":"https:\/\/api.w.org\/{rel}","templated":true}]}}